{"id":117,"date":"2025-03-12T11:49:36","date_gmt":"2025-03-12T11:49:36","guid":{"rendered":"https:\/\/gtarch.it\/?page_id=117"},"modified":"2026-02-20T15:47:33","modified_gmt":"2026-02-20T15:47:33","slug":"collaboratori_ok","status":"publish","type":"page","link":"https:\/\/gtarch.it\/?page_id=117","title":{"rendered":"\/ Collaboratori"},"content":{"rendered":"\n<h2 class=\"wp-block-heading has-black-color has-text-color has-link-color wp-elements-3b54d4d37f42da2c119bd19dd7d4e327\" style=\"font-size:41px\">\/ COLLABORATORI \/ COLLABORAZIONI<\/h2>\n\n\n\n<p class=\"has-ast-global-color-2-color has-text-color has-link-color wp-elements-29fec4f696b39630c9de616c261573d9\" style=\"font-size:15px\">Negli anni, si \u00e8 compresa e apprezzata l&#8217;importanza di un team con ruoli definiti, capace di garantire la professionalit\u00e0 e la qualit\u00e0 in ogni fase del progetto. Approccio che consente di affrontare con competenza gli iter burocratici e risolvere ogni complessit\u00e0 in modo mirato.<\/p>\n\n\n\n<div class=\"wp-block-columns is-layout-flex wp-container-core-columns-is-layout-fb8e6439 wp-block-columns-is-layout-flex\" style=\"margin-top:var(--wp--preset--spacing--30);margin-bottom:var(--wp--preset--spacing--30);padding-top:var(--wp--preset--spacing--50);padding-right:var(--wp--preset--spacing--20);padding-bottom:var(--wp--preset--spacing--50);padding-left:var(--wp--preset--spacing--20);font-size:16px\">\n<div class=\"wp-block-column is-layout-flow wp-block-column-is-layout-flow\" style=\"flex-basis:33.33%\">\n<figure class=\"wp-block-image size-full is-resized has-custom-border is-style-rounded wp-duotone-unset-1\" style=\"margin-top:0;margin-right:var(--wp--preset--spacing--60);margin-bottom:0;margin-left:var(--wp--preset--spacing--60)\"><img fetchpriority=\"high\" decoding=\"async\" width=\"460\" height=\"460\" src=\"https:\/\/gtarch.it\/wp-content\/uploads\/2025\/08\/daria.jpg\" alt=\"\" class=\"has-border-color has-ast-global-color-0-border-color wp-image-827\" style=\"border-width:1px;box-shadow:var(--wp--preset--shadow--natural);width:328px;height:auto\" srcset=\"https:\/\/gtarch.it\/wp-content\/uploads\/2025\/08\/daria.jpg 460w, https:\/\/gtarch.it\/wp-content\/uploads\/2025\/08\/daria-300x300.jpg 300w, https:\/\/gtarch.it\/wp-content\/uploads\/2025\/08\/daria-150x150.jpg 150w\" sizes=\"(max-width: 460px) 100vw, 460px\" \/><\/figure>\n<\/div>\n\n\n\n<div class=\"wp-block-column is-layout-flow wp-container-core-column-is-layout-7110d36a wp-block-column-is-layout-flow\" style=\"padding-top:var(--wp--preset--spacing--20);padding-bottom:var(--wp--preset--spacing--20);flex-basis:65.36%\">\n<p class=\"has-black-color has-text-color has-link-color wp-elements-ce720a8231bd7a21e663526147b199de\" style=\"font-size:16px\"><strong>Daria<\/strong> \u00e8 Architetta libera professionista, con specialistica presso l&#8217;IUAV di Venezia e master in restauro strutturale presso l&#8217;Universit\u00e0 degli Studi di Padova.<br>Si occupa in particolare, oltre alla progettazione e direzione lavori, di coordinamento alla sicurezza in cantiere, assicurando una corretta copertura dei requisiti pratici e di legge per ciascun intervento<\/p>\n<\/div>\n<\/div>\n\n\n\n<div class=\"wp-block-columns is-layout-flex wp-container-core-columns-is-layout-fb8e6439 wp-block-columns-is-layout-flex\" style=\"margin-top:var(--wp--preset--spacing--30);margin-bottom:var(--wp--preset--spacing--30);padding-top:var(--wp--preset--spacing--50);padding-right:var(--wp--preset--spacing--20);padding-bottom:var(--wp--preset--spacing--50);padding-left:var(--wp--preset--spacing--20);font-size:16px\">\n<div class=\"wp-block-column is-layout-flow wp-block-column-is-layout-flow\" style=\"flex-basis:33.33%\">\n<figure class=\"wp-block-image size-full is-resized has-custom-border is-style-rounded wp-duotone-unset-2\" style=\"margin-top:0;margin-right:var(--wp--preset--spacing--60);margin-bottom:0;margin-left:var(--wp--preset--spacing--60)\"><img decoding=\"async\" width=\"460\" height=\"460\" src=\"https:\/\/gtarch.it\/wp-content\/uploads\/2025\/08\/Alessandro-Forlin.jpg\" alt=\"\" class=\"has-border-color has-ast-global-color-0-border-color wp-image-825\" style=\"border-width:1px;box-shadow:var(--wp--preset--shadow--natural);width:328px;height:auto\" srcset=\"https:\/\/gtarch.it\/wp-content\/uploads\/2025\/08\/Alessandro-Forlin.jpg 460w, https:\/\/gtarch.it\/wp-content\/uploads\/2025\/08\/Alessandro-Forlin-300x300.jpg 300w, https:\/\/gtarch.it\/wp-content\/uploads\/2025\/08\/Alessandro-Forlin-150x150.jpg 150w\" sizes=\"(max-width: 460px) 100vw, 460px\" \/><\/figure>\n<\/div>\n\n\n\n<div class=\"wp-block-column is-layout-flow wp-container-core-column-is-layout-7110d36a wp-block-column-is-layout-flow\" style=\"padding-top:var(--wp--preset--spacing--20);padding-bottom:var(--wp--preset--spacing--20);flex-basis:65.36%\">\n<p class=\"has-black-color has-text-color has-link-color wp-elements-0626e222e28ed123d430c5772640b8e4\" style=\"font-size:16px\"><strong>Alessandro<\/strong>, classe 1987, si \u00e8 laureato con specialistica in Conservazione dell&#8217;Architettura presso l&#8217;IUAV di Venezia. Si occupa principalmente di progettazione, direzione lavori e delle relative fasi operative. Oltre a questo, gestisce anche le pratiche burocratiche catastali ed energetiche, garantendo un approccio completo e preciso nella gestione di ogni progetto. <\/p>\n<\/div>\n<\/div>\n\n\n\n<div class=\"wp-block-columns is-layout-flex wp-container-core-columns-is-layout-fb8e6439 wp-block-columns-is-layout-flex\" style=\"margin-top:var(--wp--preset--spacing--30);margin-bottom:var(--wp--preset--spacing--30);padding-top:var(--wp--preset--spacing--50);padding-right:var(--wp--preset--spacing--20);padding-bottom:var(--wp--preset--spacing--50);padding-left:var(--wp--preset--spacing--20);font-size:16px\">\n<div class=\"wp-block-column is-layout-flow wp-block-column-is-layout-flow\" style=\"flex-basis:33.33%\">\n<figure class=\"wp-block-image size-full is-resized has-custom-border is-style-rounded wp-duotone-unset-3\" style=\"margin-top:0;margin-right:var(--wp--preset--spacing--60);margin-bottom:0;margin-left:var(--wp--preset--spacing--60)\"><img decoding=\"async\" width=\"460\" height=\"460\" src=\"https:\/\/gtarch.it\/wp-content\/uploads\/2025\/08\/Davide-Balbo-1.jpg\" alt=\"\" class=\"has-border-color has-ast-global-color-0-border-color wp-image-826\" style=\"border-width:1px;box-shadow:var(--wp--preset--shadow--natural);width:328px;height:auto\" srcset=\"https:\/\/gtarch.it\/wp-content\/uploads\/2025\/08\/Davide-Balbo-1.jpg 460w, https:\/\/gtarch.it\/wp-content\/uploads\/2025\/08\/Davide-Balbo-1-300x300.jpg 300w, https:\/\/gtarch.it\/wp-content\/uploads\/2025\/08\/Davide-Balbo-1-150x150.jpg 150w\" sizes=\"(max-width: 460px) 100vw, 460px\" \/><\/figure>\n<\/div>\n\n\n\n<div class=\"wp-block-column is-layout-flow wp-container-core-column-is-layout-7110d36a wp-block-column-is-layout-flow\" style=\"padding-top:var(--wp--preset--spacing--20);padding-bottom:var(--wp--preset--spacing--20);flex-basis:65.36%\">\n<p class=\"has-black-color has-text-color has-link-color wp-elements-ff836b989d76fd3beae89a1cbe07ab8a\" style=\"font-size:16px\"><strong>Davide<\/strong>, classe 1987, si \u00e8 laureato con una specialistica in Conservazione dell&#8217;Architettura presso l&#8217;IUAV di Venezia, con Alessandro. Si occupa di progettazione, direzione lavori e delle pratiche amministrative relative ai progetti. In particolare, Davide gestisce le pratiche burocratiche catastali ed energetiche, lavorando a stretto contatto con Alessandro per garantire un flusso di lavoro armonico e preciso in tutte le fasi del progetto.<\/p>\n<\/div>\n<\/div>\n\n\n\n<div class=\"wp-block-columns is-layout-flex wp-container-core-columns-is-layout-fb8e6439 wp-block-columns-is-layout-flex\" style=\"margin-top:var(--wp--preset--spacing--30);margin-bottom:var(--wp--preset--spacing--30);padding-top:var(--wp--preset--spacing--50);padding-right:var(--wp--preset--spacing--20);padding-bottom:var(--wp--preset--spacing--50);padding-left:var(--wp--preset--spacing--20);font-size:16px\">\n<div class=\"wp-block-column is-layout-flow wp-block-column-is-layout-flow\" style=\"flex-basis:33.33%\">\n<figure class=\"wp-block-image size-full has-custom-border is-style-rounded wp-duotone-unset-4\" style=\"margin-top:0;margin-right:var(--wp--preset--spacing--60);margin-bottom:0;margin-left:var(--wp--preset--spacing--60)\"><a href=\"https:\/\/www.abitecsrl.com\/\"><img loading=\"lazy\" decoding=\"async\" width=\"907\" height=\"907\" src=\"https:\/\/gtarch.it\/wp-content\/uploads\/2025\/11\/abitec.jpg\" alt=\"\" class=\"has-border-color has-ast-global-color-0-border-color wp-image-841\" style=\"border-width:1px;box-shadow:var(--wp--preset--shadow--natural)\" srcset=\"https:\/\/gtarch.it\/wp-content\/uploads\/2025\/11\/abitec.jpg 907w, https:\/\/gtarch.it\/wp-content\/uploads\/2025\/11\/abitec-300x300.jpg 300w, https:\/\/gtarch.it\/wp-content\/uploads\/2025\/11\/abitec-150x150.jpg 150w, https:\/\/gtarch.it\/wp-content\/uploads\/2025\/11\/abitec-768x768.jpg 768w\" sizes=\"(max-width: 907px) 100vw, 907px\" \/><\/a><\/figure>\n<\/div>\n\n\n\n<div class=\"wp-block-column is-layout-flow wp-container-core-column-is-layout-7110d36a wp-block-column-is-layout-flow\" style=\"padding-top:var(--wp--preset--spacing--20);padding-bottom:var(--wp--preset--spacing--20);flex-basis:65.36%\">\n<p class=\"has-black-color has-text-color has-link-color wp-elements-82fca03ecae4e4daaf3b063b6b205d6b\" style=\"font-size:16px\"><strong>Abitec Srl<\/strong> \u00e8 punto di riferimento nella progettazione e realizzazione di sistemi per l\u2019involucro edilizio: serramenti, schermature e soluzioni per il comfort abitativo. La collaborazione nasce dalla condivisione di valori comuni \u2014 qualit\u00e0, competenza e attenzione al dettaglio \u2014 per offrire spazi in cui tecnica e design convivono in equilibrio.<\/p>\n<\/div>\n<\/div>\n\n\n\n<div class=\"wp-block-columns is-layout-flex wp-container-core-columns-is-layout-fb8e6439 wp-block-columns-is-layout-flex\" style=\"margin-top:var(--wp--preset--spacing--30);margin-bottom:var(--wp--preset--spacing--30);padding-top:var(--wp--preset--spacing--50);padding-right:var(--wp--preset--spacing--20);padding-bottom:var(--wp--preset--spacing--50);padding-left:var(--wp--preset--spacing--20);font-size:16px\">\n<div class=\"wp-block-column is-layout-flow wp-block-column-is-layout-flow\" style=\"flex-basis:33.33%\">\n<figure class=\"wp-block-image size-full is-resized has-custom-border is-style-rounded wp-duotone-unset-5\" style=\"margin-top:0;margin-right:var(--wp--preset--spacing--60);margin-bottom:0;margin-left:var(--wp--preset--spacing--60)\"><a href=\"https:\/\/simonsbistrot.com\/\"><img loading=\"lazy\" decoding=\"async\" width=\"1024\" height=\"1024\" src=\"https:\/\/gtarch.it\/wp-content\/uploads\/2025\/10\/unnamed.jpg\" alt=\"\" class=\"has-border-color has-ast-global-color-0-border-color wp-image-836\" style=\"border-width:1px;box-shadow:var(--wp--preset--shadow--natural);width:328px;height:auto\" srcset=\"https:\/\/gtarch.it\/wp-content\/uploads\/2025\/10\/unnamed.jpg 1024w, https:\/\/gtarch.it\/wp-content\/uploads\/2025\/10\/unnamed-300x300.jpg 300w, https:\/\/gtarch.it\/wp-content\/uploads\/2025\/10\/unnamed-150x150.jpg 150w, https:\/\/gtarch.it\/wp-content\/uploads\/2025\/10\/unnamed-768x768.jpg 768w\" sizes=\"(max-width: 1024px) 100vw, 1024px\" \/><\/a><\/figure>\n<\/div>\n\n\n\n<div class=\"wp-block-column is-layout-flow wp-container-core-column-is-layout-7110d36a wp-block-column-is-layout-flow\" style=\"padding-top:var(--wp--preset--spacing--20);padding-bottom:var(--wp--preset--spacing--20);flex-basis:65.36%\">\n<p class=\"has-black-color has-text-color has-link-color wp-elements-53a17995f9b0887e5c415692d52f5471\" style=\"font-size:16px\"><strong>Simon&#8217;s Bistrot <\/strong> \u2013 Nel cuore di Padova, Simon\u2019s Bistrot unisce eleganza e accoglienza in un ambiente dal design contemporaneo. La cucina, curata e stagionale, valorizza il pescato fresco e ingredienti di qualit\u00e0, proponendo piatti creativi di mare e di terra. Gli interni essenziali, il dehors immerso nel verde e una ricca carta vini completano un\u2019esperienza gastronomica raffinata ma informale.<\/p>\n<\/div>\n<\/div>\n\n\n\n<div class=\"wp-block-columns is-layout-flex wp-container-core-columns-is-layout-fb8e6439 wp-block-columns-is-layout-flex\" style=\"margin-top:var(--wp--preset--spacing--30);margin-bottom:var(--wp--preset--spacing--30);padding-top:var(--wp--preset--spacing--50);padding-right:var(--wp--preset--spacing--20);padding-bottom:var(--wp--preset--spacing--50);padding-left:var(--wp--preset--spacing--20);font-size:16px\">\n<div class=\"wp-block-column is-layout-flow wp-block-column-is-layout-flow\" style=\"flex-basis:33.33%\">\n<figure class=\"wp-block-image size-full is-resized has-custom-border is-style-rounded wp-duotone-unset-6\" style=\"margin-top:0;margin-right:var(--wp--preset--spacing--60);margin-bottom:0;margin-left:var(--wp--preset--spacing--60)\"><a href=\"https:\/\/www.campodeigirasoli.com\/\"><img loading=\"lazy\" decoding=\"async\" width=\"852\" height=\"852\" src=\"https:\/\/gtarch.it\/wp-content\/uploads\/2025\/03\/girasoli-giusto.jpg\" alt=\"\" class=\"has-border-color has-ast-global-color-0-border-color wp-image-245\" style=\"border-width:1px;box-shadow:var(--wp--preset--shadow--natural);width:328px;height:auto\" srcset=\"https:\/\/gtarch.it\/wp-content\/uploads\/2025\/03\/girasoli-giusto.jpg 852w, https:\/\/gtarch.it\/wp-content\/uploads\/2025\/03\/girasoli-giusto-300x300.jpg 300w, https:\/\/gtarch.it\/wp-content\/uploads\/2025\/03\/girasoli-giusto-150x150.jpg 150w, https:\/\/gtarch.it\/wp-content\/uploads\/2025\/03\/girasoli-giusto-768x768.jpg 768w\" sizes=\"(max-width: 852px) 100vw, 852px\" \/><\/a><\/figure>\n<\/div>\n\n\n\n<div class=\"wp-block-column is-layout-flow wp-container-core-column-is-layout-7110d36a wp-block-column-is-layout-flow\" style=\"padding-top:var(--wp--preset--spacing--20);padding-bottom:var(--wp--preset--spacing--20);flex-basis:65.36%\">\n<p class=\"has-black-color has-text-color has-link-color wp-elements-a623cc973313951fefbe08c33bc336ff\" style=\"font-size:16px\"><strong>Campo dei girasoli<\/strong> \u00e8 una associazione culturale votata alla integrazione culturale ed agricola, sostenibile e inclusiva. Nato per offrire uno spazio in cui&nbsp;natura, socialit\u00e0 e cultura&nbsp;si incontrano, propongono progetti di inclusione sociale e inserimento lavorativo, offrendo opportunit\u00e0 a chi ne ha pi\u00f9 bisogno, e valorizzando&nbsp;le piccole realt\u00e0 locali&nbsp;con cui collaborano, creando una rete virtuosa di crescita sostenibile. &nbsp;<\/p>\n\n\n\n<p><\/p>\n<\/div>\n<\/div>\n\n\n\n<div class=\"wp-block-columns is-layout-flex wp-container-core-columns-is-layout-fb8e6439 wp-block-columns-is-layout-flex\" style=\"margin-top:var(--wp--preset--spacing--30);margin-bottom:var(--wp--preset--spacing--30);padding-top:var(--wp--preset--spacing--50);padding-right:var(--wp--preset--spacing--20);padding-bottom:var(--wp--preset--spacing--50);padding-left:var(--wp--preset--spacing--20);font-size:16px\">\n<div class=\"wp-block-column is-layout-flow wp-block-column-is-layout-flow\" style=\"flex-basis:33.33%\">\n<figure class=\"wp-block-image size-full has-custom-border is-style-rounded wp-duotone-unset-7\" style=\"margin-top:0;margin-right:var(--wp--preset--spacing--60);margin-bottom:0;margin-left:var(--wp--preset--spacing--60)\"><a href=\"https:\/\/www.irmsitalia.com\/\"><img loading=\"lazy\" decoding=\"async\" width=\"500\" height=\"500\" src=\"https:\/\/gtarch.it\/wp-content\/uploads\/2025\/03\/IRMS-GIUSTO.jpg\" alt=\"\" class=\"has-border-color has-ast-global-color-0-border-color wp-image-244\" style=\"border-width:1px;box-shadow:var(--wp--preset--shadow--natural)\" srcset=\"https:\/\/gtarch.it\/wp-content\/uploads\/2025\/03\/IRMS-GIUSTO.jpg 500w, https:\/\/gtarch.it\/wp-content\/uploads\/2025\/03\/IRMS-GIUSTO-300x300.jpg 300w, https:\/\/gtarch.it\/wp-content\/uploads\/2025\/03\/IRMS-GIUSTO-150x150.jpg 150w\" sizes=\"(max-width: 500px) 100vw, 500px\" \/><\/a><\/figure>\n<\/div>\n\n\n\n<div class=\"wp-block-column is-layout-flow wp-container-core-column-is-layout-7110d36a wp-block-column-is-layout-flow\" style=\"padding-top:var(--wp--preset--spacing--20);padding-bottom:var(--wp--preset--spacing--20);flex-basis:65.36%\">\n<p class=\"has-black-color has-text-color has-link-color wp-elements-1deac4d8941620d924c73459c9bcad75\" style=\"font-size:16px\"><strong>IRMS Italia<\/strong> \u2013 Azienda specializzata nella progettazione, realizzazione e assistenza di laboratori scientifici, medici e di analisi, la cui progettazione deve garantire soluzioni efficienti, funzionali e conformi alle normative, specie data la natura peculiare degli ambienti.  <\/p>\n<\/div>\n<\/div>\n\n\n\n<p><\/p>\n","protected":false},"excerpt":{"rendered":"<p>\/ COLLABORATORI \/ COLLABORAZIONI Negli anni, si \u00e8 compresa e apprezzata l&#8217;importanza di un team con ruoli definiti, capace di [&hellip;]<\/p>\n","protected":false},"author":1,"featured_media":0,"parent":0,"menu_order":0,"comment_status":"closed","ping_status":"closed","template":"","meta":{"_uag_custom_page_level_css":"","site-sidebar-layout":"default","site-content-layout":"","ast-site-content-layout":"normal-width-container","site-content-style":"boxed","site-sidebar-style":"default","ast-global-header-display":"","ast-banner-title-visibility":"","ast-main-header-display":"","ast-hfb-above-header-display":"","ast-hfb-below-header-display":"","ast-hfb-mobile-header-display":"","site-post-title":"disabled","ast-breadcrumbs-content":"","ast-featured-img":"","footer-sml-layout":"","theme-transparent-header-meta":"","adv-header-id-meta":"","stick-header-meta":"","header-above-stick-meta":"","header-main-stick-meta":"","header-below-stick-meta":"","astra-migrate-meta-layouts":"default","ast-page-background-enabled":"default","ast-page-background-meta":{"desktop":{"background-color":"var(--ast-global-color-5)","background-image":"","background-repeat":"repeat","background-position":"center center","background-size":"auto","background-attachment":"scroll","background-type":"","background-media":"","overlay-type":"","overlay-color":"","overlay-opacity":"","overlay-gradient":""},"tablet":{"background-color":"","background-image":"","background-repeat":"repeat","background-position":"center center","background-size":"auto","background-attachment":"scroll","background-type":"","background-media":"","overlay-type":"","overlay-color":"","overlay-opacity":"","overlay-gradient":""},"mobile":{"background-color":"","background-image":"","background-repeat":"repeat","background-position":"center center","background-size":"auto","background-attachment":"scroll","background-type":"","background-media":"","overlay-type":"","overlay-color":"","overlay-opacity":"","overlay-gradient":""}},"ast-content-background-meta":{"desktop":{"background-color":"var(--ast-global-color-4)","background-image":"","background-repeat":"repeat","background-position":"center center","background-size":"auto","background-attachment":"scroll","background-type":"","background-media":"","overlay-type":"","overlay-color":"","overlay-opacity":"","overlay-gradient":""},"tablet":{"background-color":"var(--ast-global-color-4)","background-image":"","background-repeat":"repeat","background-position":"center center","background-size":"auto","background-attachment":"scroll","background-type":"","background-media":"","overlay-type":"","overlay-color":"","overlay-opacity":"","overlay-gradient":""},"mobile":{"background-color":"var(--ast-global-color-4)","background-image":"","background-repeat":"repeat","background-position":"center center","background-size":"auto","background-attachment":"scroll","background-type":"","background-media":"","overlay-type":"","overlay-color":"","overlay-opacity":"","overlay-gradient":""}},"footnotes":""},"class_list":["post-117","page","type-page","status-publish","hentry"],"uagb_featured_image_src":{"full":false,"thumbnail":false,"medium":false,"medium_large":false,"large":false,"1536x1536":false,"2048x2048":false},"uagb_author_info":{"display_name":"giovannitraldi","author_link":"https:\/\/gtarch.it\/?author=1"},"uagb_comment_info":0,"uagb_excerpt":"\/ COLLABORATORI \/ COLLABORAZIONI Negli anni, si \u00e8 compresa e apprezzata l&#8217;importanza di un team con ruoli definiti, capace di [&hellip;]","_links":{"self":[{"href":"https:\/\/gtarch.it\/index.php?rest_route=\/wp\/v2\/pages\/117","targetHints":{"allow":["GET"]}}],"collection":[{"href":"https:\/\/gtarch.it\/index.php?rest_route=\/wp\/v2\/pages"}],"about":[{"href":"https:\/\/gtarch.it\/index.php?rest_route=\/wp\/v2\/types\/page"}],"author":[{"embeddable":true,"href":"https:\/\/gtarch.it\/index.php?rest_route=\/wp\/v2\/users\/1"}],"replies":[{"embeddable":true,"href":"https:\/\/gtarch.it\/index.php?rest_route=%2Fwp%2Fv2%2Fcomments&post=117"}],"version-history":[{"count":5,"href":"https:\/\/gtarch.it\/index.php?rest_route=\/wp\/v2\/pages\/117\/revisions"}],"predecessor-version":[{"id":849,"href":"https:\/\/gtarch.it\/index.php?rest_route=\/wp\/v2\/pages\/117\/revisions\/849"}],"wp:attachment":[{"href":"https:\/\/gtarch.it\/index.php?rest_route=%2Fwp%2Fv2%2Fmedia&parent=117"}],"curies":[{"name":"wp","href":"https:\/\/api.w.org\/{rel}","templated":true}]}}