{"id":359,"date":"2025-03-12T11:50:32","date_gmt":"2025-03-12T11:50:32","guid":{"rendered":"https:\/\/gtarch.it\/?page_id=359"},"modified":"2025-08-25T15:40:26","modified_gmt":"2025-08-25T15:40:26","slug":"servizi_ok","status":"publish","type":"page","link":"https:\/\/gtarch.it\/?page_id=359","title":{"rendered":"\/ Servizi"},"content":{"rendered":"\n<h2 class=\"wp-block-heading has-black-color has-text-color has-link-color wp-elements-51c9f4a03798adf5ffc88789edd67c94\" style=\"font-size:41px\">\/ SERVIZI<\/h2>\n\n\n\n<p style=\"font-size:15px\">Grazie al lavoro di squadra, \u00e8 possibile affrontare diverse tipologie di progetti, offrendo soluzioni pratiche e su misura. Ogni fase del processo viene seguita con attenzione per garantire risultati concreti e funzionali.<\/p>\n\n\n\n<div class=\"wp-block-uagb-separator uagb-block-eed3fe36\"><div class=\"wp-block-uagb-separator__inner\" style=\"--my-background-image:\"><\/div><\/div>\n\n\n\n<div class=\"wp-block-columns is-layout-flex wp-container-core-columns-is-layout-ef350914 wp-block-columns-is-layout-flex\" style=\"padding-top:var(--wp--preset--spacing--30);padding-bottom:var(--wp--preset--spacing--30)\">\n<div class=\"wp-block-column is-layout-flow wp-block-column-is-layout-flow\" style=\"flex-basis:33.33%\">\n<h2 class=\"wp-block-heading has-black-color has-text-color has-link-color wp-elements-1130b820b2527263764c4fdb7e9df9b1\" style=\"font-size:32px\">\/ PROGETTAZIONE ARCHITETTONICA<\/h2>\n<\/div>\n\n\n\n<div class=\"wp-block-column is-layout-flow wp-block-column-is-layout-flow\" style=\"flex-basis:66.66%\">\n<p class=\"has-black-color has-text-color has-link-color wp-elements-4d642b76101a85479a11afb040455332\" style=\"font-size:15px\">Progettazione di edifici residenziali, commerciali e pubblici, con interventi di nuove costruzioni, ristrutturazioni e spazi verdi. Ogni soluzione \u00e8 studiata per unire funzionalit\u00e0, estetica e sostenibilit\u00e0, adattandosi alle esigenze specifiche di ogni cliente.<\/p>\n<\/div>\n<\/div>\n\n\n\n<div class=\"wp-block-uagb-separator uagb-block-e34c526e\"><div class=\"wp-block-uagb-separator__inner\" style=\"--my-background-image:\"><\/div><\/div>\n\n\n\n<div class=\"wp-block-columns is-layout-flex wp-container-core-columns-is-layout-ef350914 wp-block-columns-is-layout-flex\" style=\"padding-top:var(--wp--preset--spacing--30);padding-bottom:var(--wp--preset--spacing--30)\">\n<div class=\"wp-block-column is-layout-flow wp-block-column-is-layout-flow\" style=\"flex-basis:33.33%\">\n<h2 class=\"wp-block-heading has-black-color has-text-color has-link-color wp-elements-2037e2f62c59e2d7011bd8f3c960687b\" style=\"font-size:32px\">\/ DIREZIONE LAVORI<\/h2>\n<\/div>\n\n\n\n<div class=\"wp-block-column is-layout-flow wp-block-column-is-layout-flow\" style=\"flex-basis:66.66%\">\n<p class=\"has-black-color has-text-color has-link-color wp-elements-5a8cb898cd117a85b7cf92907f1e18b3\" style=\"font-size:15px\">Supervisione delle fasi di cantiere per garantire il rispetto di tempi, costi e qualit\u00e0. Un controllo continuo riduce il rischio di imprevisti e ottimizza l\u2019esecuzione, assicurando che tutto venga realizzato secondo le specifiche progettuali.<\/p>\n<\/div>\n<\/div>\n\n\n\n<div class=\"wp-block-uagb-separator uagb-block-412c6f44\"><div class=\"wp-block-uagb-separator__inner\" style=\"--my-background-image:\"><\/div><\/div>\n\n\n\n<div class=\"wp-block-columns is-layout-flex wp-container-core-columns-is-layout-ef350914 wp-block-columns-is-layout-flex\" style=\"padding-top:var(--wp--preset--spacing--30);padding-bottom:var(--wp--preset--spacing--30)\">\n<div class=\"wp-block-column is-layout-flow wp-block-column-is-layout-flow\" style=\"flex-basis:33.33%\">\n<h2 class=\"wp-block-heading has-black-color has-text-color has-link-color wp-elements-14abf5cfade276afdcd474bcc68d679f\" style=\"font-size:32px\">\/ INTERIOR DESIGN ED ARREDAMENTO<\/h2>\n<\/div>\n\n\n\n<div class=\"wp-block-column is-layout-flow wp-block-column-is-layout-flow\" style=\"flex-basis:66.66%\">\n<p class=\"has-black-color has-text-color has-link-color wp-elements-97c4a560195a43f88afb3f36cd8a7265\" style=\"font-size:15px\">Consulenza per la progettazione d\u2019interni e la scelta di arredi, creando ambienti funzionali e armoniosi. Affiancamento nella selezione dei fornitori e nella realizzazione di soluzioni su misura.<\/p>\n<\/div>\n<\/div>\n\n\n\n<div class=\"wp-block-uagb-separator uagb-block-529003e7\"><div class=\"wp-block-uagb-separator__inner\" style=\"--my-background-image:\"><\/div><\/div>\n\n\n\n<div class=\"wp-block-columns is-layout-flex wp-container-core-columns-is-layout-ef350914 wp-block-columns-is-layout-flex\" style=\"padding-top:var(--wp--preset--spacing--30);padding-bottom:var(--wp--preset--spacing--30)\">\n<div class=\"wp-block-column is-layout-flow wp-block-column-is-layout-flow\" style=\"flex-basis:33.33%\">\n<h2 class=\"wp-block-heading has-black-color has-text-color has-link-color wp-elements-23d7962244eef22613cac434cd6b9b2f\" style=\"font-size:32px\">\/ PRATICHE EDILIZIE E SANATORIE<\/h2>\n<\/div>\n\n\n\n<div class=\"wp-block-column is-layout-flow wp-block-column-is-layout-flow\" style=\"flex-basis:66.66%\">\n<p class=\"has-black-color has-text-color has-link-color wp-elements-cb83f1e634edc5d5b73b689c2a4d4eb3\" style=\"font-size:15px\">Gestione delle pratiche burocratiche necessarie, come sanatorie, aggiornamenti catastali, APE, agibilit\u00e0 e autorizzazioni, garantendo la conformit\u00e0 normativa dei progetti e semplificando le procedure per i clienti.<\/p>\n<\/div>\n<\/div>\n\n\n\n<div class=\"wp-block-uagb-separator uagb-block-4dd4fcab\"><div class=\"wp-block-uagb-separator__inner\" style=\"--my-background-image:\"><\/div><\/div>\n\n\n\n<div class=\"wp-block-columns is-layout-flex wp-container-core-columns-is-layout-ef350914 wp-block-columns-is-layout-flex\" style=\"padding-top:var(--wp--preset--spacing--30);padding-bottom:var(--wp--preset--spacing--30)\">\n<div class=\"wp-block-column is-layout-flow wp-block-column-is-layout-flow\" style=\"flex-basis:33.33%\">\n<h2 class=\"wp-block-heading has-black-color has-text-color has-link-color wp-elements-082021bdeae44fdc6b9eca95d3d8314d\" style=\"font-size:32px\">\/ DOMOTICA E AUTOMAZIONE<\/h2>\n<\/div>\n\n\n\n<div class=\"wp-block-column is-layout-flow wp-block-column-is-layout-flow\" style=\"flex-basis:66.66%\">\n<p class=\"has-black-color has-text-color has-link-color wp-elements-60b133852c899939657d1d7e593a59fc\" style=\"font-size:15px\">Integrazione di soluzioni domotiche per migliorare il comfort e l\u2019efficienza degli ambienti, con controllo intelligente di luci, temperatura e sicurezza per case e spazi di lavoro pi\u00f9 funzionali.<\/p>\n<\/div>\n<\/div>\n\n\n\n<div class=\"wp-block-uagb-separator uagb-block-d448e397\"><div class=\"wp-block-uagb-separator__inner\" style=\"--my-background-image:\"><\/div><\/div>\n\n\n\n<div class=\"wp-block-columns is-layout-flex wp-container-core-columns-is-layout-ef350914 wp-block-columns-is-layout-flex\" style=\"padding-top:var(--wp--preset--spacing--30);padding-bottom:var(--wp--preset--spacing--30)\">\n<div class=\"wp-block-column is-layout-flow wp-block-column-is-layout-flow\" style=\"flex-basis:33.33%\">\n<h2 class=\"wp-block-heading has-black-color has-text-color has-link-color wp-elements-abdd50206d0b6adaec254a87ce4c8337\" style=\"font-size:32px\">\/ SERVIZI AL COMMERCIO<\/h2>\n<\/div>\n\n\n\n<div class=\"wp-block-column is-layout-flow wp-block-column-is-layout-flow\" style=\"flex-basis:66.66%\">\n<p class=\"has-black-color has-text-color has-link-color wp-elements-4a5c3b01fd188e64c53c461fdd8583a0\" style=\"font-size:15px\">Supporto alle attivit\u00e0 commerciali nella gestione di pratiche amministrative, come permessi per insegne, plateatici e occupazione del suolo pubblico, facilitando l\u2019ottenimento delle autorizzazioni necessarie.<\/p>\n<\/div>\n<\/div>\n\n\n\n<div class=\"wp-block-uagb-separator uagb-block-0db335f8\"><div class=\"wp-block-uagb-separator__inner\" style=\"--my-background-image:\"><\/div><\/div>\n\n\n\n<div class=\"wp-block-columns is-layout-flex wp-container-core-columns-is-layout-ef350914 wp-block-columns-is-layout-flex\" style=\"padding-top:var(--wp--preset--spacing--30);padding-bottom:var(--wp--preset--spacing--30)\">\n<div class=\"wp-block-column is-layout-flow wp-block-column-is-layout-flow\" style=\"flex-basis:33.33%\">\n<h2 class=\"wp-block-heading has-black-color has-text-color has-link-color wp-elements-d8867137c0c49cf3b3e956fc479fb109\" style=\"font-size:32px\">\/ GIARDINI E SPAZI VERDI<\/h2>\n<\/div>\n\n\n\n<div class=\"wp-block-column is-layout-flow wp-block-column-is-layout-flow\" style=\"flex-basis:66.66%\">\n<p class=\"has-black-color has-text-color has-link-color wp-elements-5fe56e3a78100bae5fc5edf8fd686c61\" style=\"font-size:15px\">Creazione di giardini e aree verdi sostenibili, con un\u2019attenzione particolare al contesto e alle esigenze di manutenzione, per realizzare spazi armoniosi e facilmente gestibili.<\/p>\n<\/div>\n<\/div>\n\n\n\n<div class=\"wp-block-uagb-separator uagb-block-f56e041a\"><div class=\"wp-block-uagb-separator__inner\" style=\"--my-background-image:\"><\/div><\/div>\n\n\n\n<p><\/p>\n","protected":false},"excerpt":{"rendered":"<p>\/ SERVIZI Grazie al lavoro di squadra, \u00e8 possibile affrontare diverse tipologie di progetti, offrendo soluzioni pratiche e su misura. [&hellip;]<\/p>\n","protected":false},"author":1,"featured_media":0,"parent":0,"menu_order":0,"comment_status":"closed","ping_status":"closed","template":"","meta":{"_uag_custom_page_level_css":"","site-sidebar-layout":"default","site-content-layout":"","ast-site-content-layout":"","site-content-style":"default","site-sidebar-style":"default","ast-global-header-display":"","ast-banner-title-visibility":"","ast-main-header-display":"","ast-hfb-above-header-display":"","ast-hfb-below-header-display":"","ast-hfb-mobile-header-display":"","site-post-title":"disabled","ast-breadcrumbs-content":"","ast-featured-img":"","footer-sml-layout":"","theme-transparent-header-meta":"","adv-header-id-meta":"","stick-header-meta":"","header-above-stick-meta":"","header-main-stick-meta":"","header-below-stick-meta":"","astra-migrate-meta-layouts":"default","ast-page-background-enabled":"default","ast-page-background-meta":{"desktop":{"background-color":"var(--ast-global-color-5)","background-image":"","background-repeat":"repeat","background-position":"center center","background-size":"auto","background-attachment":"scroll","background-type":"","background-media":"","overlay-type":"","overlay-color":"","overlay-opacity":"","overlay-gradient":""},"tablet":{"background-color":"","background-image":"","background-repeat":"repeat","background-position":"center center","background-size":"auto","background-attachment":"scroll","background-type":"","background-media":"","overlay-type":"","overlay-color":"","overlay-opacity":"","overlay-gradient":""},"mobile":{"background-color":"","background-image":"","background-repeat":"repeat","background-position":"center center","background-size":"auto","background-attachment":"scroll","background-type":"","background-media":"","overlay-type":"","overlay-color":"","overlay-opacity":"","overlay-gradient":""}},"ast-content-background-meta":{"desktop":{"background-color":"var(--ast-global-color-4)","background-image":"","background-repeat":"repeat","background-position":"center center","background-size":"auto","background-attachment":"scroll","background-type":"","background-media":"","overlay-type":"","overlay-color":"","overlay-opacity":"","overlay-gradient":""},"tablet":{"background-color":"var(--ast-global-color-4)","background-image":"","background-repeat":"repeat","background-position":"center center","background-size":"auto","background-attachment":"scroll","background-type":"","background-media":"","overlay-type":"","overlay-color":"","overlay-opacity":"","overlay-gradient":""},"mobile":{"background-color":"var(--ast-global-color-4)","background-image":"","background-repeat":"repeat","background-position":"center center","background-size":"auto","background-attachment":"scroll","background-type":"","background-media":"","overlay-type":"","overlay-color":"","overlay-opacity":"","overlay-gradient":""}},"footnotes":""},"class_list":["post-359","page","type-page","status-publish","hentry"],"uagb_featured_image_src":{"full":false,"thumbnail":false,"medium":false,"medium_large":false,"large":false,"1536x1536":false,"2048x2048":false},"uagb_author_info":{"display_name":"giovannitraldi","author_link":"https:\/\/gtarch.it\/?author=1"},"uagb_comment_info":0,"uagb_excerpt":"\/ SERVIZI Grazie al lavoro di squadra, \u00e8 possibile affrontare diverse tipologie di progetti, offrendo soluzioni pratiche e su misura. [&hellip;]","_links":{"self":[{"href":"https:\/\/gtarch.it\/index.php?rest_route=\/wp\/v2\/pages\/359","targetHints":{"allow":["GET"]}}],"collection":[{"href":"https:\/\/gtarch.it\/index.php?rest_route=\/wp\/v2\/pages"}],"about":[{"href":"https:\/\/gtarch.it\/index.php?rest_route=\/wp\/v2\/types\/page"}],"author":[{"embeddable":true,"href":"https:\/\/gtarch.it\/index.php?rest_route=\/wp\/v2\/users\/1"}],"replies":[{"embeddable":true,"href":"https:\/\/gtarch.it\/index.php?rest_route=%2Fwp%2Fv2%2Fcomments&post=359"}],"version-history":[{"count":5,"href":"https:\/\/gtarch.it\/index.php?rest_route=\/wp\/v2\/pages\/359\/revisions"}],"predecessor-version":[{"id":748,"href":"https:\/\/gtarch.it\/index.php?rest_route=\/wp\/v2\/pages\/359\/revisions\/748"}],"wp:attachment":[{"href":"https:\/\/gtarch.it\/index.php?rest_route=%2Fwp%2Fv2%2Fmedia&parent=359"}],"curies":[{"name":"wp","href":"https:\/\/api.w.org\/{rel}","templated":true}]}}